{"id":1969,"date":"2025-01-23T10:49:53","date_gmt":"2025-01-23T10:49:53","guid":{"rendered":"https:\/\/karton.nl\/?page_id=1969"},"modified":"2025-04-08T10:24:04","modified_gmt":"2025-04-08T10:24:04","slug":"hexpand-emballage","status":"publish","type":"page","link":"https:\/\/karton.nl\/fr\/hexpand-emballage\/","title":{"rendered":"Hexpand Emballage"},"content":{"rendered":"","protected":false},"excerpt":{"rendered":"","protected":false},"author":2,"featured_media":1891,"parent":0,"menu_order":0,"comment_status":"closed","ping_status":"closed","template":"","meta":{"_acf_changed":false,"footnotes":""},"class_list":["post-1969","page","type-page","status-publish","has-post-thumbnail","hentry"],"acf":[],"yoast_head":"<!-- This site is optimized with the Yoast SEO plugin v27.2 - https:\/\/yoast.com\/product\/yoast-seo-wordpress\/ -->\n<title>Emballage durable et flexible avec Hexpand\u2122 - Akarton<\/title>\n<meta name=\"description\" content=\"Hexpand\u2122 est un emballage en carton 100% recyclable qui s&#039;adapte \u00e0 tous les produits. Durable, efficace et permettant de r\u00e9aliser des \u00e9conomies !\" \/>\n<meta name=\"robots\" content=\"index, follow, max-snippet:-1, max-image-preview:large, max-video-preview:-1\" \/>\n<link rel=\"canonical\" href=\"https:\/\/karton.nl\/fr\/hexpand-emballage\/\" \/>\n<meta property=\"og:locale\" content=\"fr_FR\" \/>\n<meta property=\"og:type\" content=\"article\" \/>\n<meta property=\"og:title\" content=\"Emballage durable et flexible avec Hexpand\u2122 - Akarton\" \/>\n<meta property=\"og:description\" content=\"Hexpand\u2122 est un emballage en carton 100% recyclable qui s&#039;adapte \u00e0 tous les produits. Durable, efficace et permettant de r\u00e9aliser des \u00e9conomies !\" \/>\n<meta property=\"og:url\" content=\"https:\/\/karton.nl\/fr\/hexpand-emballage\/\" \/>\n<meta property=\"og:site_name\" content=\"Akarton\" \/>\n<meta property=\"article:publisher\" content=\"https:\/\/www.facebook.com\/AkartonCompany\" \/>\n<meta property=\"article:modified_time\" content=\"2025-04-08T10:24:04+00:00\" \/>\n<meta property=\"og:image\" content=\"https:\/\/karton.nl\/app\/uploads\/2025\/01\/Hexpand-5104-238x300.jpg\" \/>\n<meta name=\"twitter:card\" content=\"summary_large_image\" \/>\n<meta name=\"twitter:label1\" content=\"Est. reading time\" \/>\n\t<meta name=\"twitter:data1\" content=\"5 minutes\" \/>\n<script type=\"application\/ld+json\" class=\"yoast-schema-graph\">{\"@context\":\"https:\/\/schema.org\",\"@graph\":[{\"@type\":\"WebPage\",\"@id\":\"https:\/\/karton.nl\/fr\/hexpand-emballage\/\",\"url\":\"https:\/\/karton.nl\/fr\/hexpand-emballage\/\",\"name\":\"Emballage durable et flexible avec Hexpand\u2122 - Akarton\",\"isPartOf\":{\"@id\":\"https:\/\/karton.nl\/fr\/#website\"},\"primaryImageOfPage\":{\"@id\":\"https:\/\/karton.nl\/fr\/hexpand-emballage\/#primaryimage\"},\"image\":{\"@id\":\"https:\/\/karton.nl\/fr\/hexpand-emballage\/#primaryimage\"},\"thumbnailUrl\":\"https:\/\/karton.nl\/app\/uploads\/2025\/02\/Header-Landingspagina-Akarton-Hexpand4-3.jpg\",\"datePublished\":\"2025-01-23T10:49:53+00:00\",\"dateModified\":\"2025-04-08T10:24:04+00:00\",\"description\":\"Hexpand\u2122 est un emballage en carton 100% recyclable qui s'adapte \u00e0 tous les produits. Durable, efficace et permettant de r\u00e9aliser des \u00e9conomies !\",\"breadcrumb\":{\"@id\":\"https:\/\/karton.nl\/fr\/hexpand-emballage\/#breadcrumb\"},\"inLanguage\":\"fr-FR\",\"potentialAction\":[{\"@type\":\"ReadAction\",\"target\":[\"https:\/\/karton.nl\/fr\/hexpand-emballage\/\"]}]},{\"@type\":\"ImageObject\",\"inLanguage\":\"fr-FR\",\"@id\":\"https:\/\/karton.nl\/fr\/hexpand-emballage\/#primaryimage\",\"url\":\"https:\/\/karton.nl\/app\/uploads\/2025\/02\/Header-Landingspagina-Akarton-Hexpand4-3.jpg\",\"contentUrl\":\"https:\/\/karton.nl\/app\/uploads\/2025\/02\/Header-Landingspagina-Akarton-Hexpand4-3.jpg\",\"width\":2280,\"height\":1045},{\"@type\":\"BreadcrumbList\",\"@id\":\"https:\/\/karton.nl\/fr\/hexpand-emballage\/#breadcrumb\",\"itemListElement\":[{\"@type\":\"ListItem\",\"position\":1,\"name\":\"Home\",\"item\":\"https:\/\/karton.nl\/fr\/\"},{\"@type\":\"ListItem\",\"position\":2,\"name\":\"Hexpand Emballage\"}]},{\"@type\":\"WebSite\",\"@id\":\"https:\/\/karton.nl\/fr\/#website\",\"url\":\"https:\/\/karton.nl\/fr\/\",\"name\":\"Akarton\",\"description\":\"\",\"publisher\":{\"@id\":\"https:\/\/karton.nl\/fr\/#organization\"},\"potentialAction\":[{\"@type\":\"SearchAction\",\"target\":{\"@type\":\"EntryPoint\",\"urlTemplate\":\"https:\/\/karton.nl\/fr\/?s={search_term_string}\"},\"query-input\":{\"@type\":\"PropertyValueSpecification\",\"valueRequired\":true,\"valueName\":\"search_term_string\"}}],\"inLanguage\":\"fr-FR\"},{\"@type\":\"Organization\",\"@id\":\"https:\/\/karton.nl\/fr\/#organization\",\"name\":\"Akarton\",\"url\":\"https:\/\/karton.nl\/fr\/\",\"logo\":{\"@type\":\"ImageObject\",\"inLanguage\":\"fr-FR\",\"@id\":\"https:\/\/karton.nl\/fr\/#\/schema\/logo\/image\/\",\"url\":\"https:\/\/karton.nl\/app\/uploads\/2024\/01\/logo_akarton_blue.svg\",\"contentUrl\":\"https:\/\/karton.nl\/app\/uploads\/2024\/01\/logo_akarton_blue.svg\",\"width\":1,\"height\":1,\"caption\":\"Akarton\"},\"image\":{\"@id\":\"https:\/\/karton.nl\/fr\/#\/schema\/logo\/image\/\"},\"sameAs\":[\"https:\/\/www.facebook.com\/AkartonCompany\",\"https:\/\/www.linkedin.com\/company\/akarton-bv\/\"]}]}<\/script>\n<!-- \/ Yoast SEO plugin. -->","yoast_head_json":{"title":"Emballage durable et flexible avec Hexpand\u2122 - Akarton","description":"Hexpand\u2122 est un emballage en carton 100% recyclable qui s'adapte \u00e0 tous les produits. Durable, efficace et permettant de r\u00e9aliser des \u00e9conomies !","robots":{"index":"index","follow":"follow","max-snippet":"max-snippet:-1","max-image-preview":"max-image-preview:large","max-video-preview":"max-video-preview:-1"},"canonical":"https:\/\/karton.nl\/fr\/hexpand-emballage\/","og_locale":"fr_FR","og_type":"article","og_title":"Emballage durable et flexible avec Hexpand\u2122 - Akarton","og_description":"Hexpand\u2122 est un emballage en carton 100% recyclable qui s'adapte \u00e0 tous les produits. Durable, efficace et permettant de r\u00e9aliser des \u00e9conomies !","og_url":"https:\/\/karton.nl\/fr\/hexpand-emballage\/","og_site_name":"Akarton","article_publisher":"https:\/\/www.facebook.com\/AkartonCompany","article_modified_time":"2025-04-08T10:24:04+00:00","og_image":[{"url":"https:\/\/karton.nl\/app\/uploads\/2025\/01\/Hexpand-5104-238x300.jpg","type":"","width":"","height":""}],"twitter_card":"summary_large_image","twitter_misc":{"Est. reading time":"5 minutes"},"schema":{"@context":"https:\/\/schema.org","@graph":[{"@type":"WebPage","@id":"https:\/\/karton.nl\/fr\/hexpand-emballage\/","url":"https:\/\/karton.nl\/fr\/hexpand-emballage\/","name":"Emballage durable et flexible avec Hexpand\u2122 - Akarton","isPartOf":{"@id":"https:\/\/karton.nl\/fr\/#website"},"primaryImageOfPage":{"@id":"https:\/\/karton.nl\/fr\/hexpand-emballage\/#primaryimage"},"image":{"@id":"https:\/\/karton.nl\/fr\/hexpand-emballage\/#primaryimage"},"thumbnailUrl":"https:\/\/karton.nl\/app\/uploads\/2025\/02\/Header-Landingspagina-Akarton-Hexpand4-3.jpg","datePublished":"2025-01-23T10:49:53+00:00","dateModified":"2025-04-08T10:24:04+00:00","description":"Hexpand\u2122 est un emballage en carton 100% recyclable qui s'adapte \u00e0 tous les produits. Durable, efficace et permettant de r\u00e9aliser des \u00e9conomies !","breadcrumb":{"@id":"https:\/\/karton.nl\/fr\/hexpand-emballage\/#breadcrumb"},"inLanguage":"fr-FR","potentialAction":[{"@type":"ReadAction","target":["https:\/\/karton.nl\/fr\/hexpand-emballage\/"]}]},{"@type":"ImageObject","inLanguage":"fr-FR","@id":"https:\/\/karton.nl\/fr\/hexpand-emballage\/#primaryimage","url":"https:\/\/karton.nl\/app\/uploads\/2025\/02\/Header-Landingspagina-Akarton-Hexpand4-3.jpg","contentUrl":"https:\/\/karton.nl\/app\/uploads\/2025\/02\/Header-Landingspagina-Akarton-Hexpand4-3.jpg","width":2280,"height":1045},{"@type":"BreadcrumbList","@id":"https:\/\/karton.nl\/fr\/hexpand-emballage\/#breadcrumb","itemListElement":[{"@type":"ListItem","position":1,"name":"Home","item":"https:\/\/karton.nl\/fr\/"},{"@type":"ListItem","position":2,"name":"Hexpand Emballage"}]},{"@type":"WebSite","@id":"https:\/\/karton.nl\/fr\/#website","url":"https:\/\/karton.nl\/fr\/","name":"Akarton","description":"","publisher":{"@id":"https:\/\/karton.nl\/fr\/#organization"},"potentialAction":[{"@type":"SearchAction","target":{"@type":"EntryPoint","urlTemplate":"https:\/\/karton.nl\/fr\/?s={search_term_string}"},"query-input":{"@type":"PropertyValueSpecification","valueRequired":true,"valueName":"search_term_string"}}],"inLanguage":"fr-FR"},{"@type":"Organization","@id":"https:\/\/karton.nl\/fr\/#organization","name":"Akarton","url":"https:\/\/karton.nl\/fr\/","logo":{"@type":"ImageObject","inLanguage":"fr-FR","@id":"https:\/\/karton.nl\/fr\/#\/schema\/logo\/image\/","url":"https:\/\/karton.nl\/app\/uploads\/2024\/01\/logo_akarton_blue.svg","contentUrl":"https:\/\/karton.nl\/app\/uploads\/2024\/01\/logo_akarton_blue.svg","width":1,"height":1,"caption":"Akarton"},"image":{"@id":"https:\/\/karton.nl\/fr\/#\/schema\/logo\/image\/"},"sameAs":["https:\/\/www.facebook.com\/AkartonCompany","https:\/\/www.linkedin.com\/company\/akarton-bv\/"]}]}},"_links":{"self":[{"href":"https:\/\/karton.nl\/fr\/wp-json\/wp\/v2\/pages\/1969","targetHints":{"allow":["GET"]}}],"collection":[{"href":"https:\/\/karton.nl\/fr\/wp-json\/wp\/v2\/pages"}],"about":[{"href":"https:\/\/karton.nl\/fr\/wp-json\/wp\/v2\/types\/page"}],"author":[{"embeddable":true,"href":"https:\/\/karton.nl\/fr\/wp-json\/wp\/v2\/users\/2"}],"replies":[{"embeddable":true,"href":"https:\/\/karton.nl\/fr\/wp-json\/wp\/v2\/comments?post=1969"}],"version-history":[{"count":8,"href":"https:\/\/karton.nl\/fr\/wp-json\/wp\/v2\/pages\/1969\/revisions"}],"predecessor-version":[{"id":2070,"href":"https:\/\/karton.nl\/fr\/wp-json\/wp\/v2\/pages\/1969\/revisions\/2070"}],"wp:featuredmedia":[{"embeddable":true,"href":"https:\/\/karton.nl\/fr\/wp-json\/wp\/v2\/media\/1891"}],"wp:attachment":[{"href":"https:\/\/karton.nl\/fr\/wp-json\/wp\/v2\/media?parent=1969"}],"curies":[{"name":"wp","href":"https:\/\/api.w.org\/{rel}","templated":true}]}}